{"id":6088,"date":"2021-12-14T19:59:06","date_gmt":"2021-12-14T16:59:06","guid":{"rendered":"https:\/\/carettarobotics.com\/projelerimiz\/"},"modified":"2021-12-14T21:59:07","modified_gmt":"2021-12-14T18:59:07","slug":"projelerimiz","status":"publish","type":"page","link":"https:\/\/carettarobotics.com\/tr\/projelerimiz\/","title":{"rendered":"Projelerimiz"},"content":{"rendered":"\t\t<div data-elementor-type=\"wp-page\" data-elementor-id=\"6088\" class=\"elementor elementor-6088\" data-elementor-post-type=\"page\">\n\t\t\t\t\t\t<section class=\"elementor-section elementor-top-section elementor-element elementor-element-e5a221d ot-traditional elementor-section-boxed elementor-section-height-default elementor-section-height-default\" data-id=\"e5a221d\" data-element_type=\"section\" data-e-type=\"section\">\n\t\t\t\t\t\t<div class=\"elementor-container elementor-column-gap-default\">\n\t\t\t\t\t<div class=\"elementor-column elementor-col-100 elementor-top-column elementor-element elementor-element-6786db7 ot-flex-column-vertical\" data-id=\"6786db7\" data-element_type=\"column\" data-e-type=\"column\">\n\t\t\t<div class=\"elementor-widget-wrap elementor-element-populated\">\n\t\t\t\t\t\t<section class=\"elementor-section elementor-inner-section elementor-element elementor-element-5565abd elementor-section-full_width elementor-section-content-bottom ot-traditional elementor-section-height-default elementor-section-height-default\" data-id=\"5565abd\" data-element_type=\"section\" data-e-type=\"section\">\n\t\t\t\t\t\t<div class=\"elementor-container elementor-column-gap-extended\">\n\t\t\t\t\t<div class=\"elementor-column elementor-col-50 elementor-inner-column elementor-element elementor-element-56a6663 ot-flex-column-vertical\" data-id=\"56a6663\" data-element_type=\"column\" data-e-type=\"column\">\n\t\t\t<div class=\"elementor-widget-wrap elementor-element-populated\">\n\t\t\t\t\t\t<div class=\"elementor-element elementor-element-bdf6e81 elementor-widget elementor-widget-iheading\" data-id=\"bdf6e81\" data-element_type=\"widget\" data-e-type=\"widget\" data-widget_type=\"iheading.default\">\n\t\t\t\t<div class=\"elementor-widget-container\">\n\t\t\t\t\t\t\t<div class=\"ot-heading\">\r\n\t        \t            <span>\/\/ Caretta RobotIcs<\/span>\r\n\t        <h2 class=\"main-heading\">Tutarl\u0131 <br>\nKombinasyon\n<\/h2>\t    <\/div>\r\n\t    \t\t\t\t<\/div>\n\t\t\t\t<\/div>\n\t\t\t\t\t<\/div>\n\t\t<\/div>\n\t\t\t\t<div class=\"elementor-column elementor-col-50 elementor-inner-column elementor-element elementor-element-1ebed78 ot-flex-column-vertical\" data-id=\"1ebed78\" data-element_type=\"column\" data-e-type=\"column\">\n\t\t\t<div class=\"elementor-widget-wrap elementor-element-populated\">\n\t\t\t\t\t\t<div class=\"elementor-element elementor-element-33a3b27 elementor-widget elementor-widget-text-editor\" data-id=\"33a3b27\" data-element_type=\"widget\" data-e-type=\"widget\" data-widget_type=\"text-editor.default\">\n\t\t\t\t<div class=\"elementor-widget-container\">\n\t\t\t\t\t\t\t\t\t<p>A\u00e7\u0131k kaynakl\u0131 projeler sayesinde donan\u0131m ve yaz\u0131l\u0131m\u0131n el ele oldu\u011fu yerde, de\u011ferimizi \u00fczerine in\u015fa ediyoruz!<\/p>\n\t\t\t\t\t\t\t\t<\/div>\n\t\t\t\t<\/div>\n\t\t\t\t\t<\/div>\n\t\t<\/div>\n\t\t\t\t\t<\/div>\n\t\t<\/section>\n\t\t\t\t\t<\/div>\n\t\t<\/div>\n\t\t\t\t\t<\/div>\n\t\t<\/section>\n\t\t\t\t<section class=\"elementor-section elementor-top-section elementor-element elementor-element-f318ae0 elementor-section-full_width ot-traditional elementor-section-height-default elementor-section-height-default\" data-id=\"f318ae0\" data-element_type=\"section\" data-e-type=\"section\">\n\t\t\t\t\t\t<div class=\"elementor-container elementor-column-gap-default\">\n\t\t\t\t\t<div class=\"elementor-column elementor-col-100 elementor-top-column elementor-element elementor-element-82a8115 ot-flex-column-vertical\" data-id=\"82a8115\" data-element_type=\"column\" data-e-type=\"column\">\n\t\t\t<div class=\"elementor-widget-wrap elementor-element-populated\">\n\t\t\t\t\t\t<div class=\"elementor-element elementor-element-601c2a2 elementor-widget elementor-widget-irprojects\" data-id=\"601c2a2\" data-element_type=\"widget\" data-e-type=\"widget\" data-widget_type=\"irprojects.default\">\n\t\t\t\t<div class=\"elementor-widget-container\">\n\t\t\t\t\t\t\t<div class=\"project-slider\" data-center=\"true\" data-show=\"2\" data-scroll=\"2\" data-arrow=\"false\" data-dots=\"false\">\r\n\t\t\t\t\t\t<div class=\"project-item projects-style-2\">\r\n\t\t\t\t<div class=\"projects-box\">\r\n\t\t\t\t\t<div class=\"projects-thumbnail\">\r\n\t\t\t\t\t\t<a href=\"https:\/\/carettarobotics.com\/tr\/portfolio\/cavos-tr\/\">\r\n\t\t\t\t\t\t\t<img fetchpriority=\"high\" decoding=\"async\" width=\"720\" height=\"520\" src=\"https:\/\/carettarobotics.com\/wp-content\/uploads\/2019\/11\/bangolia-720x520.png\" class=\"attachment-engitech-portfolio-thumbnail-carousel size-engitech-portfolio-thumbnail-carousel wp-post-image\" alt=\"\" \/>\t\t\t\t\t\t\t<span class=\"overlay\"><\/span>\r\n\t\t\t\t\t\t<\/a>\r\n\t\t\t\t\t<\/div>\r\n\t\t\t\t\t<div class=\"portfolio-info \">\r\n\t\t\t\t\t\t<div class=\"portfolio-info-inner\">\r\n\t\t\t\t\t\t\t<a class=\"btn-link\" href=\"https:\/\/carettarobotics.com\/tr\/portfolio\/cavos-tr\/\"><i class=\"flaticon-right-arrow-1\"><\/i><\/a>\r\n\t\t\t\t\t\t\t<h5><a href=\"https:\/\/carettarobotics.com\/tr\/portfolio\/cavos-tr\/\">CAVOS<\/a><\/h5>\r\n\t\t\t\t\t\t\t<p class=\"portfolio-cates\"><a href=\"https:\/\/carettarobotics.com\/portfolio-category\/caretta-robotics-tr\/\">Caretta Robotics TR<\/a><span>\/<\/span><a href=\"https:\/\/carettarobotics.com\/portfolio-category\/caretta-robotics-tr\/\">Caretta Robotics TR<\/a><span>\/<\/span><\/p> \r\n\t\t\t\t\t\t<\/div>\r\n\t\t\t\t\t<\/div>\r\n\t\t\t\t<\/div>\r\n\t\t\t<\/div>\r\n\r\n\t\t\t\t\t\t<div class=\"project-item projects-style-2\">\r\n\t\t\t\t<div class=\"projects-box\">\r\n\t\t\t\t\t<div class=\"projects-thumbnail\">\r\n\t\t\t\t\t\t<a href=\"https:\/\/carettarobotics.com\/tr\/portfolio\/orca-tr\/\">\r\n\t\t\t\t\t\t\t<img decoding=\"async\" width=\"720\" height=\"520\" src=\"https:\/\/carettarobotics.com\/wp-content\/uploads\/2021\/11\/4-720x520.jpg\" class=\"attachment-engitech-portfolio-thumbnail-carousel size-engitech-portfolio-thumbnail-carousel wp-post-image\" alt=\"\" \/>\t\t\t\t\t\t\t<span class=\"overlay\"><\/span>\r\n\t\t\t\t\t\t<\/a>\r\n\t\t\t\t\t<\/div>\r\n\t\t\t\t\t<div class=\"portfolio-info \">\r\n\t\t\t\t\t\t<div class=\"portfolio-info-inner\">\r\n\t\t\t\t\t\t\t<a class=\"btn-link\" href=\"https:\/\/carettarobotics.com\/tr\/portfolio\/orca-tr\/\"><i class=\"flaticon-right-arrow-1\"><\/i><\/a>\r\n\t\t\t\t\t\t\t<h5><a href=\"https:\/\/carettarobotics.com\/tr\/portfolio\/orca-tr\/\">Orca<\/a><\/h5>\r\n\t\t\t\t\t\t\t \r\n\t\t\t\t\t\t<\/div>\r\n\t\t\t\t\t<\/div>\r\n\t\t\t\t<\/div>\r\n\t\t\t<\/div>\r\n\r\n\t\t\t\t    <\/div>\r\n\t    \t\t\t\t<\/div>\n\t\t\t\t<\/div>\n\t\t\t\t\t<\/div>\n\t\t<\/div>\n\t\t\t\t\t<\/div>\n\t\t<\/section>\n\t\t\t\t<\/div>\n\t\t","protected":false},"excerpt":{"rendered":"<p>\/\/ Caretta RobotIcs Tutarl\u0131 Kombinasyon A\u00e7\u0131k kaynakl\u0131 projeler sayesinde donan\u0131m ve yaz\u0131l\u0131m\u0131n el ele oldu\u011fu yerde, de\u011ferimizi \u00fczerine in\u015fa ediyoruz! CAVOS Caretta Robotics TR\/ Orca Caretta Robotics TR\/<\/p>\n","protected":false},"author":1,"featured_media":0,"parent":0,"menu_order":0,"comment_status":"closed","ping_status":"closed","template":"","meta":{"footnotes":""},"class_list":["post-6088","page","type-page","status-publish","hentry"],"_links":{"self":[{"href":"https:\/\/carettarobotics.com\/tr\/wp-json\/wp\/v2\/pages\/6088","targetHints":{"allow":["GET"]}}],"collection":[{"href":"https:\/\/carettarobotics.com\/tr\/wp-json\/wp\/v2\/pages"}],"about":[{"href":"https:\/\/carettarobotics.com\/tr\/wp-json\/wp\/v2\/types\/page"}],"author":[{"embeddable":true,"href":"https:\/\/carettarobotics.com\/tr\/wp-json\/wp\/v2\/users\/1"}],"replies":[{"embeddable":true,"href":"https:\/\/carettarobotics.com\/tr\/wp-json\/wp\/v2\/comments?post=6088"}],"version-history":[{"count":12,"href":"https:\/\/carettarobotics.com\/tr\/wp-json\/wp\/v2\/pages\/6088\/revisions"}],"predecessor-version":[{"id":6154,"href":"https:\/\/carettarobotics.com\/tr\/wp-json\/wp\/v2\/pages\/6088\/revisions\/6154"}],"wp:attachment":[{"href":"https:\/\/carettarobotics.com\/tr\/wp-json\/wp\/v2\/media?parent=6088"}],"curies":[{"name":"wp","href":"https:\/\/api.w.org\/{rel}","templated":true}]}}