{"id":6076,"date":"2021-12-14T19:44:21","date_gmt":"2021-12-14T16:44:21","guid":{"rendered":"https:\/\/carettarobotics.com\/ekibimiz\/"},"modified":"2022-07-08T12:50:37","modified_gmt":"2022-07-08T09:50:37","slug":"ekibimiz","status":"publish","type":"page","link":"https:\/\/carettarobotics.com\/tr\/ekibimiz\/","title":{"rendered":"Ekibimiz"},"content":{"rendered":"\t\t<div data-elementor-type=\"wp-page\" data-elementor-id=\"6076\" class=\"elementor elementor-6076\" data-elementor-post-type=\"page\">\n\t\t\t\t\t\t<section class=\"elementor-section elementor-top-section elementor-element elementor-element-89a50e0 elementor-section-height-min-height ot-layout_block elementor-section-boxed elementor-section-height-default elementor-section-items-middle\" data-id=\"89a50e0\" data-element_type=\"section\" data-e-type=\"section\" data-settings=\"{&quot;background_background&quot;:&quot;classic&quot;}\">\n\t\t\t\t\t\t\t<div class=\"elementor-background-overlay\"><\/div>\n\t\t\t\t\t\t\t<div class=\"elementor-container elementor-column-gap-default\">\n\t\t\t\t\t<div class=\"elementor-column elementor-col-100 elementor-top-column elementor-element elementor-element-41d918d ot-flex-column-vertical\" data-id=\"41d918d\" data-element_type=\"column\" data-e-type=\"column\">\n\t\t\t<div class=\"elementor-widget-wrap\">\n\t\t\t\t\t\t\t<\/div>\n\t\t<\/div>\n\t\t\t\t\t<\/div>\n\t\t<\/section>\n\t\t\t\t<section class=\"elementor-section elementor-top-section elementor-element elementor-element-63f7879 ot-traditional elementor-section-boxed elementor-section-height-default elementor-section-height-default\" data-id=\"63f7879\" data-element_type=\"section\" data-e-type=\"section\" data-settings=\"{&quot;background_background&quot;:&quot;classic&quot;}\">\n\t\t\t\t\t\t<div class=\"elementor-container elementor-column-gap-default\">\n\t\t\t\t\t<div class=\"elementor-column elementor-col-100 elementor-top-column elementor-element elementor-element-c290023 ot-flex-column-vertical\" data-id=\"c290023\" data-element_type=\"column\" data-e-type=\"column\">\n\t\t\t<div class=\"elementor-widget-wrap elementor-element-populated\">\n\t\t\t\t\t\t<div class=\"elementor-element elementor-element-91e59b8 elementor-widget elementor-widget-iheading\" data-id=\"91e59b8\" data-element_type=\"widget\" data-e-type=\"widget\" data-widget_type=\"iheading.default\">\n\t\t\t\t<div class=\"elementor-widget-container\">\n\t\t\t\t\t\t\t<div class=\"ot-heading\">\r\n\t        <h2 class=\"main-heading\">Ekibimiz<\/h2>\t    <\/div>\r\n\t    \t\t\t\t<\/div>\n\t\t\t\t<\/div>\n\t\t\t\t<section class=\"elementor-section elementor-inner-section elementor-element elementor-element-dceb922 elementor-section-full_width ot-traditional elementor-section-height-default elementor-section-height-default\" data-id=\"dceb922\" data-element_type=\"section\" data-e-type=\"section\">\n\t\t\t\t\t\t<div class=\"elementor-container elementor-column-gap-no\">\n\t\t\t\t\t<div class=\"elementor-column elementor-col-33 elementor-inner-column elementor-element elementor-element-8cced26 ot-flex-column-vertical\" data-id=\"8cced26\" data-element_type=\"column\" data-e-type=\"column\">\n\t\t\t<div class=\"elementor-widget-wrap elementor-element-populated\">\n\t\t\t\t\t\t<div class=\"elementor-element elementor-element-c882360 elementor-widget elementor-widget-imember\" data-id=\"c882360\" data-element_type=\"widget\" data-e-type=\"widget\" data-widget_type=\"imember.default\">\n\t\t\t\t<div class=\"elementor-widget-container\">\n\t\t\t\t\t\r\n\t\t<div class=\"team-wrap\">\r\n\t\t\t\t\t\t<div class=\"team-thumb\">\r\n\t\t\t\t<img fetchpriority=\"high\" decoding=\"async\" width=\"219\" height=\"300\" src=\"https:\/\/carettarobotics.com\/wp-content\/uploads\/2021\/11\/ahmetbilgen-219x300.jpg\" class=\"attachment-medium size-medium wp-image-5119\" alt=\"\" srcset=\"https:\/\/carettarobotics.com\/wp-content\/uploads\/2021\/11\/ahmetbilgen-219x300.jpg 219w, https:\/\/carettarobotics.com\/wp-content\/uploads\/2021\/11\/ahmetbilgen.jpg 720w\" sizes=\"(max-width: 219px) 100vw, 219px\" \/>\t\t\t\t                    <div class=\"team-social flex-middle\">\r\n                    \t<div>\r\n                                                                                    <a rel=\"nofollow\" \r\n                                        href=\"https:\/\/linkedin.com\/in\/abilgen\" class=\"linkedin\">\r\n                                     <i class=\"fab fa-linkedin-in\"><\/i>\r\n                                <\/a>\r\n                                                                        \t<\/div>\r\n                    <\/div>  \r\n                \t\t\t<\/div>\r\n\t\t\t\t\t\t<div class=\"team-info\">\r\n\t\t\t\t<h4>Ahmet Bilgen<\/h4>\r\n\t\t\t\t<span>Kurucu<\/span>\r\n\t\t\t<\/div>\r\n\t\t<\/div>\r\n\t        \r\n\t    \t\t\t\t<\/div>\n\t\t\t\t<\/div>\n\t\t\t\t<div class=\"elementor-element elementor-element-848e0b8 elementor-widget elementor-widget-imember\" data-id=\"848e0b8\" data-element_type=\"widget\" data-e-type=\"widget\" data-widget_type=\"imember.default\">\n\t\t\t\t<div class=\"elementor-widget-container\">\n\t\t\t\t\t\r\n\t\t<div class=\"team-wrap\">\r\n\t\t\t\t\t\t<div class=\"team-thumb\">\r\n\t\t\t\t<img decoding=\"async\" width=\"219\" height=\"300\" src=\"https:\/\/carettarobotics.com\/wp-content\/uploads\/2021\/11\/1farhang-219x300.jpg\" class=\"attachment-medium size-medium wp-image-5118\" alt=\"\" srcset=\"https:\/\/carettarobotics.com\/wp-content\/uploads\/2021\/11\/1farhang-219x300.jpg 219w, https:\/\/carettarobotics.com\/wp-content\/uploads\/2021\/11\/1farhang.jpg 720w\" sizes=\"(max-width: 219px) 100vw, 219px\" \/>\t\t\t\t                    <div class=\"team-social flex-middle\">\r\n                    \t<div>\r\n                                                                                    <a rel=\"nofollow\" \r\n                                        href=\"https:\/\/linkedin.com\/in\/farhangnaderi\" class=\"linkedin\">\r\n                                     <i class=\"fab fa-linkedin-in\"><\/i>\r\n                                <\/a>\r\n                                                                        \t<\/div>\r\n                    <\/div>  \r\n                \t\t\t<\/div>\r\n\t\t\t\t\t\t<div class=\"team-info\">\r\n\t\t\t\t<h4>Farhang Naderi<\/h4>\r\n\t\t\t\t<span>KURUCU ORTAK & Teknolojiden Sorumlu Ba\u015fkan<\/span>\r\n\t\t\t<\/div>\r\n\t\t<\/div>\r\n\t        \r\n\t    \t\t\t\t<\/div>\n\t\t\t\t<\/div>\n\t\t\t\t\t<\/div>\n\t\t<\/div>\n\t\t\t\t<div class=\"elementor-column elementor-col-33 elementor-inner-column elementor-element elementor-element-ae61105 ot-flex-column-vertical\" data-id=\"ae61105\" data-element_type=\"column\" data-e-type=\"column\">\n\t\t\t<div class=\"elementor-widget-wrap elementor-element-populated\">\n\t\t\t\t\t\t<div class=\"elementor-element elementor-element-cd73126 elementor-widget elementor-widget-imember\" data-id=\"cd73126\" data-element_type=\"widget\" data-e-type=\"widget\" data-widget_type=\"imember.default\">\n\t\t\t\t<div class=\"elementor-widget-container\">\n\t\t\t\t\t\r\n\t\t<div class=\"team-wrap\">\r\n\t\t\t\t\t\t<div class=\"team-thumb\">\r\n\t\t\t\t<img decoding=\"async\" width=\"219\" height=\"300\" src=\"https:\/\/carettarobotics.com\/wp-content\/uploads\/2021\/11\/hasan-demirel-219x300.jpg\" class=\"attachment-medium size-medium wp-image-5173\" alt=\"\" srcset=\"https:\/\/carettarobotics.com\/wp-content\/uploads\/2021\/11\/hasan-demirel-219x300.jpg 219w, https:\/\/carettarobotics.com\/wp-content\/uploads\/2021\/11\/hasan-demirel.jpg 720w\" sizes=\"(max-width: 219px) 100vw, 219px\" \/>\t\t\t\t                    <div class=\"team-social flex-middle\">\r\n                    \t<div>\r\n                                                                                    <a rel=\"nofollow\" \r\n                                        href=\"https:\/\/scholar.google.com\/citations?user=HADY_hcAAAAJ&hl=en\" class=\"google scholar\">\r\n                                     <i class=\"fab fa-google\"><\/i>\r\n                                <\/a>\r\n                                                                        \t<\/div>\r\n                    <\/div>  \r\n                \t\t\t<\/div>\r\n\t\t\t\t\t\t<div class=\"team-info\">\r\n\t\t\t\t<h4>Prof. Dr. Hasan Demirel<\/h4>\r\n\t\t\t\t<span>KURUL DANI\u015eMANI\n<\/span>\r\n\t\t\t<\/div>\r\n\t\t<\/div>\r\n\t        \r\n\t    \t\t\t\t<\/div>\n\t\t\t\t<\/div>\n\t\t\t\t<div class=\"elementor-element elementor-element-e9f039a elementor-widget elementor-widget-imember\" data-id=\"e9f039a\" data-element_type=\"widget\" data-e-type=\"widget\" data-widget_type=\"imember.default\">\n\t\t\t\t<div class=\"elementor-widget-container\">\n\t\t\t\t\t\r\n\t\t<div class=\"team-wrap\">\r\n\t\t\t\t\t\t<div class=\"team-thumb\">\r\n\t\t\t\t<img loading=\"lazy\" decoding=\"async\" width=\"221\" height=\"300\" src=\"https:\/\/carettarobotics.com\/wp-content\/uploads\/2021\/11\/mustafaaa-e1637235294948-221x300.jpg\" class=\"attachment-medium size-medium wp-image-5226\" alt=\"\" srcset=\"https:\/\/carettarobotics.com\/wp-content\/uploads\/2021\/11\/mustafaaa-e1637235294948-221x300.jpg 221w, https:\/\/carettarobotics.com\/wp-content\/uploads\/2021\/11\/mustafaaa-e1637235294948.jpg 557w\" sizes=\"(max-width: 221px) 100vw, 221px\" \/>\t\t\t\t                    <div class=\"team-social flex-middle\">\r\n                    \t<div>\r\n                                                                                    <a rel=\"nofollow\" \r\n                                        href=\"https:\/\/www.linkedin.com\/in\/mustafa-da%C4%9Fk%C4%B1ranlar\" class=\"linkedin\">\r\n                                     <i class=\"fab fa-linkedin-in\"><\/i>\r\n                                <\/a>\r\n                                                                        \t<\/div>\r\n                    <\/div>  \r\n                \t\t\t<\/div>\r\n\t\t\t\t\t\t<div class=\"team-info\">\r\n\t\t\t\t<h4>Mustafa Da\u011fkiranlar<\/h4>\r\n\t\t\t\t<span>YAZILIM GEL\u0130\u015eT\u0130RME UZMANI<\/span>\r\n\t\t\t<\/div>\r\n\t\t<\/div>\r\n\t        \r\n\t    \t\t\t\t<\/div>\n\t\t\t\t<\/div>\n\t\t\t\t\t<\/div>\n\t\t<\/div>\n\t\t\t\t<div class=\"elementor-column elementor-col-33 elementor-inner-column elementor-element elementor-element-6eb83c5 ot-flex-column-vertical\" data-id=\"6eb83c5\" data-element_type=\"column\" data-e-type=\"column\">\n\t\t\t<div class=\"elementor-widget-wrap elementor-element-populated\">\n\t\t\t\t\t\t<div class=\"elementor-element elementor-element-11e6b14 elementor-widget elementor-widget-imember\" data-id=\"11e6b14\" data-element_type=\"widget\" data-e-type=\"widget\" data-widget_type=\"imember.default\">\n\t\t\t\t<div class=\"elementor-widget-container\">\n\t\t\t\t\t\r\n\t\t<div class=\"team-wrap\">\r\n\t\t\t\t\t\t<div class=\"team-thumb\">\r\n\t\t\t\t<img loading=\"lazy\" decoding=\"async\" width=\"219\" height=\"300\" src=\"https:\/\/carettarobotics.com\/wp-content\/uploads\/2022\/07\/temel-ungorr.jpg\" class=\"attachment-medium size-medium wp-image-6460\" alt=\"\" \/>\t\t\t\t                    <div class=\"team-social flex-middle\">\r\n                    \t<div>\r\n                                                                                    <a rel=\"nofollow\" \r\n                                        href=\"https:\/\/www.linkedin.com\/in\/temel-%C3%BCng%C3%B6r-40037244\/?originalSubdomain=tr\" class=\"linkedin\">\r\n                                     <i class=\"fab fa-linkedin-in\"><\/i>\r\n                                <\/a>\r\n                                                                        \t<\/div>\r\n                    <\/div>  \r\n                \t\t\t<\/div>\r\n\t\t\t\t\t\t<div class=\"team-info\">\r\n\t\t\t\t<h4>Temel \u00dcng\u00f6r<\/h4>\r\n\t\t\t\t<span>\u0130leti\u015fim Direkt\u00f6r\u00fc<\/span>\r\n\t\t\t<\/div>\r\n\t\t<\/div>\r\n\t        \r\n\t    \t\t\t\t<\/div>\n\t\t\t\t<\/div>\n\t\t\t\t<div class=\"elementor-element elementor-element-85cdb9d elementor-widget elementor-widget-imember\" data-id=\"85cdb9d\" data-element_type=\"widget\" data-e-type=\"widget\" data-widget_type=\"imember.default\">\n\t\t\t\t<div class=\"elementor-widget-container\">\n\t\t\t\t\t\r\n\t\t<div class=\"team-wrap\">\r\n\t\t\t\t\t\t<div class=\"team-thumb\">\r\n\t\t\t\t<img loading=\"lazy\" decoding=\"async\" width=\"219\" height=\"300\" src=\"https:\/\/carettarobotics.com\/wp-content\/uploads\/2022\/07\/Niyazi-Bekirog\u0306lu.jpg\" class=\"attachment-medium size-medium wp-image-6451\" alt=\"\" \/>\t\t\t\t                    <div class=\"team-social flex-middle\">\r\n                    \t<div>\r\n                                                                                    <a rel=\"nofollow\" \r\n                                        href=\"https:\/\/www.linkedin.com\/in\/niyazi-bekiro\u011flu-a6744233\/\" class=\"google scholar\">\r\n                                     <i class=\"fab fa-linkedin-in\"><\/i>\r\n                                <\/a>\r\n                                                                        \t<\/div>\r\n                    <\/div>  \r\n                \t\t\t<\/div>\r\n\t\t\t\t\t\t<div class=\"team-info\">\r\n\t\t\t\t<h4>Prof. Dr. Hasan Demirel<\/h4>\r\n\t\t\t\t<span>KURUL DANI\u015eMANI\n<\/span>\r\n\t\t\t<\/div>\r\n\t\t<\/div>\r\n\t        \r\n\t    \t\t\t\t<\/div>\n\t\t\t\t<\/div>\n\t\t\t\t\t<\/div>\n\t\t<\/div>\n\t\t\t\t\t<\/div>\n\t\t<\/section>\n\t\t\t\t\t<\/div>\n\t\t<\/div>\n\t\t\t\t\t<\/div>\n\t\t<\/section>\n\t\t\t\t<\/div>\n\t\t","protected":false},"excerpt":{"rendered":"<p>Ekibimiz Ahmet Bilgen Kurucu Farhang Naderi KURUCU ORTAK &#038; Teknolojiden Sorumlu Ba\u015fkan Prof. Dr. Hasan Demirel KURUL DANI\u015eMANI Mustafa Da\u011fkiranlar YAZILIM GEL\u0130\u015eT\u0130RME UZMANI Temel \u00dcng\u00f6r \u0130leti\u015fim Direkt\u00f6r\u00fc Prof. Dr. Hasan Demirel KURUL DANI\u015eMANI<\/p>\n","protected":false},"author":1,"featured_media":0,"parent":0,"menu_order":0,"comment_status":"closed","ping_status":"closed","template":"","meta":{"footnotes":""},"class_list":["post-6076","page","type-page","status-publish","hentry"],"_links":{"self":[{"href":"https:\/\/carettarobotics.com\/tr\/wp-json\/wp\/v2\/pages\/6076","targetHints":{"allow":["GET"]}}],"collection":[{"href":"https:\/\/carettarobotics.com\/tr\/wp-json\/wp\/v2\/pages"}],"about":[{"href":"https:\/\/carettarobotics.com\/tr\/wp-json\/wp\/v2\/types\/page"}],"author":[{"embeddable":true,"href":"https:\/\/carettarobotics.com\/tr\/wp-json\/wp\/v2\/users\/1"}],"replies":[{"embeddable":true,"href":"https:\/\/carettarobotics.com\/tr\/wp-json\/wp\/v2\/comments?post=6076"}],"version-history":[{"count":30,"href":"https:\/\/carettarobotics.com\/tr\/wp-json\/wp\/v2\/pages\/6076\/revisions"}],"predecessor-version":[{"id":6499,"href":"https:\/\/carettarobotics.com\/tr\/wp-json\/wp\/v2\/pages\/6076\/revisions\/6499"}],"wp:attachment":[{"href":"https:\/\/carettarobotics.com\/tr\/wp-json\/wp\/v2\/media?parent=6076"}],"curies":[{"name":"wp","href":"https:\/\/api.w.org\/{rel}","templated":true}]}}